{"id":1432,"date":"2014-04-14T04:13:16","date_gmt":"2014-04-14T04:13:16","guid":{"rendered":"http:\/\/matecomangu.org\/site\/?page_id=1432"},"modified":"2025-10-19T19:51:49","modified_gmt":"2025-10-19T19:51:49","slug":"downloads","status":"publish","type":"page","link":"https:\/\/matecomangu.org\/site\/downloads\/","title":{"rendered":"DOWNLOADS"},"content":{"rendered":"<p>Alguns downloads legais relacionados ao Mate \ud83d\ude09<\/p>\n<p><a href=\"https:\/\/drive.google.com\/file\/d\/1MHLHmZ4UvR15y_ADaxBEedmodClQ6QnD\/view?usp=drive_link\" target=\"_blank\" rel=\"noopener noreferrer\"><strong>Guia para a Pr\u00e1tica Cineclubista<\/strong><\/a> &#8211; publica\u00e7\u00e3o realizada no \u00e2mbito do programa <strong>Cinema Para Todos<\/strong> (2014).<\/p>\n<p><a href=\"https:\/\/drive.google.com\/file\/d\/1tt1RbaGlVh98bMjr3Xm57A_WZFHg7HGM\/view?usp=drive_link\" target=\"_blank\" rel=\"noopener noreferrer\"><strong>Livro Mate Com Angu 10 Anos<\/strong><\/a> &#8211; reuni\u00e3o de dez anos de programas impressos das sess\u00f5es mensais. (2012)<\/p>\n<p><a href=\"https:\/\/drive.google.com\/file\/d\/10EhYaZXg9Gk861fX8qCJRknEMTm-vVEF\/view?usp=drive_link\" target=\"_blank\" rel=\"noopener\"><strong>O Cerol Fininho da Baixada<\/strong><\/a> &#8211; A partir da hist\u00f3ria do Mate o livro mostra a atividade de um coletivo de audiovisual na periferia do pa\u00eds, no caso a Baixada Fluminense. O volume faz parte da Cole\u00e7\u00e3o Tramas Urbanas. Editora Aeroplano, 2013<\/p>\n<p><a href=\"https:\/\/drive.google.com\/file\/d\/1Q33RcwBOiY4AwFQWBKLLhwB0JchOr6GQ\/view?usp=drive_link\" target=\"_blank\" rel=\"noopener noreferrer\"><strong>Nas Profundezas da Superf\u00edcie do Mate Com Angu<\/strong><\/a> &#8211; doutoramento\u00a0<span style=\"font-size: 13px;\">de Tiago Arag\u00e3o<\/span><span style=\"font-size: 13px;\">\u00a0na Universidade de Bras\u00edlia (2011)<\/span><\/p>\n<p><a href=\"http:\/\/bibliotecadigital.fgv.br\/dspace\/bitstream\/handle\/10438\/2100\/CPDOC2007MariaJoseMottaGouvea.pdf?sequence=1\" target=\"_blank\" rel=\"noopener noreferrer\"><strong>Com a palavra Mate com Angu: uma interven\u00e7\u00e3o est\u00e9tica no munic\u00edpio de Duque de Caxias<\/strong><\/a> &#8211; disserta\u00e7\u00e3o de mestrado de\u00a0Maria Jos\u00e9 Motta Gouvea na Funda\u00e7\u00e3o Get\u00falio Vargas (2009)<br \/>\n<a href=\"http:\/\/bibliotecadigital.fgv.br\/dspace\/handle\/10438\/2100\" target=\"_blank\" rel=\"noopener noreferrer\">http:\/\/bibliotecadigital.fgv.br\/dspace\/handle\/10438\/2100<\/a><\/p>\n<p><strong><a href=\"https:\/\/drive.google.com\/file\/d\/1wTSxXHMPksTyzIHAk4ZtEj9BLvaeLkMn\/view?usp=drive_link\" target=\"_blank\" rel=\"noopener noreferrer\">Cineclube Mate Com Angu e o Revolucion\u00e1rio Cinema Argentino<\/a><\/strong> &#8211; artigo apresentado por Carlos Eduardo Magalh\u00e3es Vieira de Aguiar, na UFSCAR, Universidade Federal de S\u00e3o Carlos<\/p>\n<p><a href=\"https:\/\/rima.ufrrj.br\/jspui\/bitstream\/20.500.14407\/11438\/3\/2015%20-%20Fabio%20Rodrigo%20Vicente%20Tavares.Pdf\" target=\"_blank\" rel=\"noopener\"><strong>Cineclube Mate Com Angu: perif\u00e9rico ou o centro de outra onda cinematogr\u00e1fica?<\/strong> <\/a>&#8211; Disserta\u00e7\u00e3o apresentada ao Programa de P\u00f3s-Gradua\u00e7\u00e3o em Ci\u00eancias Sociais da Universidade Federal Rural do Rio de Janeiro, por F\u00e1bio Tavares<\/p>\n<p><a href=\"http:\/\/www.enecult.ufba.br\/modulos\/submissao\/Upload-607\/139302.pdf\" target=\"_blank\" rel=\"noopener\"><strong>NARRATIVAS DE SI: CINECLUBISMO E PRODU\u00c7\u00c3O DE SUBJETIVIDADES NA BAIXADA FLUMINENSE<\/strong><\/a> &#8211; trabalho apresentado no 18\u00ba ENECULT por Adriana Carneiro de Souza, Beatriz Akemi Takeiti e Ana Paula Alves Ribeiro<\/p>\n<p><a href=\"https:\/\/www.bdtd.uerj.br:8443\/bitstream\/1\/10046\/1\/Dissertacao%20Bruno%20da%20Silva%20Pinto.pdf\" target=\"_blank\" rel=\"noopener\"><strong>Reflex\u00f5es sobre cinema e educa\u00e7\u00e3o a partir da curadoria das sess\u00f5es do Cineclube Mate com Angu<\/strong> <\/a>&#8211; disserta\u00e7\u00e3o de mestrado apresentada ao Programa de P\u00f3s-Gradua\u00e7\u00e3o em Educa\u00e7\u00e3o, Cultura e Comunica\u00e7\u00e3o, da Universidade do Estado do Rio de Janeiro, por Bruno da Silva Pinto<\/p>\n<p><a href=\"https:\/\/www.editorarealize.com.br\/editora\/anais\/ceduce\/2018\/TRABALHO_EV111_MD1_SA6_ID781_05052018072800.pdf\" target=\"_blank\" rel=\"noopener\"><strong>A PERSPECTIVA DO CINECLUBISMO NA PRODU\u00c7\u00c3O DE SUBJETIVIDADES E ROMPIMENTO DE ESTERE\u00d3TIPOS DA SOCIEDADE ATUAL: AN\u00c1LISE DO CINECLUBE MATE COM ANGU NA BAIXADA FLUMINENSE<\/strong><\/a> &#8211; trabalho apresentado por Teresa Cristina Santos Balbino e Rosangela Malachias, Universidade do Estado Do Rio de Janeiro\/Faculdade de Educa\u00e7\u00e3o da Baixada Fluminense (UERJ\/FEBF)<\/p>\n<p><a href=\"http:\/\/www.enecult.ufba.br\/modulos\/submissao\/Upload-568\/132247.pdf\" target=\"_blank\" rel=\"noopener\"><strong>(RE)EXISTENCIAS CINECLUBISTAS NA BAIXADA FLUMINENSE: POSSIBILIDADES DE UMA ABORDAGEM CARTOGR\u00c1FICA<\/strong><\/a> &#8211; trabalho apresentado no XVII ENECULT, POR Adriana Carneiro de Souza E Beatriz Akemi Takeiti<\/p>\n<p><a href=\"https:\/\/tropicaline.wordpress.com\/wp-content\/uploads\/2012\/04\/cineclubismo-no-brasil.pdf\" target=\"_blank\" rel=\"noopener\"><strong>Cineclubismo no Brasil: vis\u00f5es de ontem e perspectivas do contempor\u00e2neo<\/strong><\/a> &#8211; Trabalho de conclus\u00e3o de curso apresentado ao Departamento de Estudos Culturais e M\u00eddia da Universidade Federal Fluminense, por Adriana Carneiro de Souza<\/p>\n<p><a href=\"https:\/\/drive.google.com\/file\/d\/1pjo-gpoWBDmXbTe248XH620mwz4SgONs\/view?fbclid=PAQ0xDSwNfU_lleHRuA2FlbQIxMAABpz5wlHUt3R5Bq4Zn6F5QnnRTbNFkK5lrA1ozXUuwsFa53TbjwccG6mVv9XBv_aem_TBCunWQqqjXoedHuZ20IDw\" target=\"_blank\" rel=\"noopener\"><strong>Cineclubismo Fluminense: 95 Anos de Hist\u00f3ria<\/strong> <\/a>(2025) &#8211; de Drica Carneiro<\/p>\n<p><a href=\"https:\/\/www.e-publicacoes.uerj.br\/periferia\/article\/view\/62537\/42079\" target=\"_blank\" rel=\"noopener\"><strong>COLETIVOS CULTURAIS CINECLUBISTAS DA BAIXADA FLUMINENSE: um conjunto de panoramas<\/strong> <\/a>&#8211; artigo na revista Periferias, por Leonardo Cesar Alves Moreira, Marcio Luiz Gon\u00e7alves D\u2019Arrochella e Pedro de Almeida Cupolillo<\/p>\n<p><a href=\"https:\/\/www.colegiohelioalonso.com.br\/pdf\/monografias\/20144067.pdf\" target=\"_blank\" rel=\"noopener\"><strong>O MOVIMENTO CINECLUBISTA EM TERRIT\u00d3RIOS PERIF\u00c9RICOS: A VALORIZA\u00c7\u00c3O DA IDENTIDADE ATRAV\u00c9S DA DEMOCRATIZA\u00c7\u00c3O DAS PR\u00c1TICAS E NEXOS AUDIOVISUAIS<\/strong><\/a> &#8211; Projeto Experimental apresentado ao Curso de Comunica\u00e7\u00e3o Social das Faculdades Integradas H\u00e9lio Alonso por Carolina Louren\u00e7o da Costa Duarte Rosa<\/p>\n<p><a href=\"https:\/\/drive.google.com\/file\/d\/1PNer9QOMCb8i5tGlQjlSAq8yzpiiAQ8Y\/view?usp=drive_link\" target=\"_blank\" rel=\"noopener noreferrer\"><strong>Baixada 3.2 MP<\/strong><\/a>, livro de fotografias de Igor Freitas Lima.<\/p>\n<p>&nbsp;<\/p>\n","protected":false},"excerpt":{"rendered":"<p>Alguns downloads legais relacionados ao Mate \ud83d\ude09 Guia para a Pr\u00e1tica Cineclubista &#8211; publica\u00e7\u00e3o realizada no \u00e2mbito do programa Cinema Para Todos (2014). Livro Mate Com Angu 10 Anos &#8211; reuni\u00e3o de dez anos de programas impressos das sess\u00f5es mensais. (2012) O Cerol Fininho da Baixada &#8211; A partir da\u2026 <a class=\"continue-reading-link\" href=\"https:\/\/matecomangu.org\/site\/downloads\/\">Ler o post inteiro<\/a><\/p>\n","protected":false},"author":1,"featured_media":0,"parent":0,"menu_order":5,"comment_status":"open","ping_status":"closed","template":"templates\/template-onecolumn.php","meta":{"footnotes":""},"class_list":["post-1432","page","type-page","status-publish","hentry"],"_links":{"self":[{"href":"https:\/\/matecomangu.org\/site\/wp-json\/wp\/v2\/pages\/1432","targetHints":{"allow":["GET"]}}],"collection":[{"href":"https:\/\/matecomangu.org\/site\/wp-json\/wp\/v2\/pages"}],"about":[{"href":"https:\/\/matecomangu.org\/site\/wp-json\/wp\/v2\/types\/page"}],"author":[{"embeddable":true,"href":"https:\/\/matecomangu.org\/site\/wp-json\/wp\/v2\/users\/1"}],"replies":[{"embeddable":true,"href":"https:\/\/matecomangu.org\/site\/wp-json\/wp\/v2\/comments?post=1432"}],"version-history":[{"count":22,"href":"https:\/\/matecomangu.org\/site\/wp-json\/wp\/v2\/pages\/1432\/revisions"}],"predecessor-version":[{"id":3527,"href":"https:\/\/matecomangu.org\/site\/wp-json\/wp\/v2\/pages\/1432\/revisions\/3527"}],"wp:attachment":[{"href":"https:\/\/matecomangu.org\/site\/wp-json\/wp\/v2\/media?parent=1432"}],"curies":[{"name":"wp","href":"https:\/\/api.w.org\/{rel}","templated":true}]}}