{"id":161,"date":"2009-12-16T15:36:05","date_gmt":"2009-12-16T15:36:05","guid":{"rendered":"http:\/\/matecomangu.org\/site\/?page_id=161"},"modified":"2024-11-08T02:55:25","modified_gmt":"2024-11-08T02:55:25","slug":"sobre","status":"publish","type":"page","link":"https:\/\/matecomangu.org\/site\/contato\/sobre\/","title":{"rendered":"SOBRE O MATE"},"content":{"rendered":"<p><span style=\"font-size: large;\"><strong>O Cineclube Mate Com Angu<\/strong> \u00e9 um coletivo audiovisual nascido em 2002 na Baixada Fluminense a partir do desejo de provocar a produ\u00e7\u00e3o\/exibi\u00e7\u00e3o de imagens e suas reverbera\u00e7\u00f5es \u00a0na realidade e no modo de vida da regi\u00e3o. <\/span><\/p>\n<p>A grupo atua em tr\u00eas frentes distintas e interligadas no terreno do Audiovisual: exibi\u00e7\u00e3o, produ\u00e7\u00e3o e forma\u00e7\u00e3o.<\/p>\n<p>Este primeiro foco acontece em sess\u00f5es regulares gratuitas que t\u00eam sido formadoras de p\u00fablico na cidade de Duque de Caxias e regi\u00e3o ao longo dos anos.<\/p>\n<p>Outra linha de atua\u00e7\u00e3o \u00e9 a produ\u00e7\u00e3o de filmes. O grupo tem constru\u00eddo um <em>portif\u00f3lio<\/em> no audiovisual nacional que inclui curtas-metragens, vinhetas, programas de TV, videoartes, al\u00e9m de coberturas audiovisuais de importantes eventos.<\/p>\n<p>A terceira vertente de atua\u00e7\u00e3o \u00e9 a forma\u00e7\u00e3o, gerando discuss\u00f5es sobre o cinema e a produ\u00e7\u00e3o audiovisual na Baixada Fluminense, al\u00e9m de contar com grande experi\u00eancia em\u00a0oficinas de cinema, novas m\u00eddias e outros processos criativos colaborativos.<\/p>\n<p>As sess\u00f5es regulares do Mate acontecem na <strong>Sociedade Musical e Art\u00edstica Lira de Ouro<\/strong> e no <strong>Gomeia Galp\u00e3o Criativo<\/strong>, em Duque de Caxias.<\/p>\n<p>&nbsp;<\/p>\n","protected":false},"excerpt":{"rendered":"<p>O Cineclube Mate Com Angu \u00e9 um coletivo audiovisual nascido em 2002 na Baixada Fluminense a partir do desejo de provocar a produ\u00e7\u00e3o\/exibi\u00e7\u00e3o de imagens e suas reverbera\u00e7\u00f5es \u00a0na realidade e no modo de vida da regi\u00e3o. A grupo atua em tr\u00eas frentes distintas e interligadas no terreno do Audiovisual:\u2026 <a class=\"continue-reading-link\" href=\"https:\/\/matecomangu.org\/site\/contato\/sobre\/\">Ler o post inteiro<\/a><\/p>\n","protected":false},"author":1,"featured_media":0,"parent":814,"menu_order":0,"comment_status":"closed","ping_status":"closed","template":"templates\/template-onecolumn.php","meta":{"footnotes":""},"class_list":["post-161","page","type-page","status-publish","hentry"],"_links":{"self":[{"href":"https:\/\/matecomangu.org\/site\/wp-json\/wp\/v2\/pages\/161","targetHints":{"allow":["GET"]}}],"collection":[{"href":"https:\/\/matecomangu.org\/site\/wp-json\/wp\/v2\/pages"}],"about":[{"href":"https:\/\/matecomangu.org\/site\/wp-json\/wp\/v2\/types\/page"}],"author":[{"embeddable":true,"href":"https:\/\/matecomangu.org\/site\/wp-json\/wp\/v2\/users\/1"}],"replies":[{"embeddable":true,"href":"https:\/\/matecomangu.org\/site\/wp-json\/wp\/v2\/comments?post=161"}],"version-history":[{"count":14,"href":"https:\/\/matecomangu.org\/site\/wp-json\/wp\/v2\/pages\/161\/revisions"}],"predecessor-version":[{"id":2548,"href":"https:\/\/matecomangu.org\/site\/wp-json\/wp\/v2\/pages\/161\/revisions\/2548"}],"up":[{"embeddable":true,"href":"https:\/\/matecomangu.org\/site\/wp-json\/wp\/v2\/pages\/814"}],"wp:attachment":[{"href":"https:\/\/matecomangu.org\/site\/wp-json\/wp\/v2\/media?parent=161"}],"curies":[{"name":"wp","href":"https:\/\/api.w.org\/{rel}","templated":true}]}}