{"id":2117,"date":"2017-03-29T22:16:12","date_gmt":"2017-03-29T22:16:12","guid":{"rendered":"http:\/\/matecomangu.org\/site\/?page_id=2117"},"modified":"2017-04-27T21:54:06","modified_gmt":"2017-04-27T21:54:06","slug":"festival-mate-com-angu-de-cinema-popular-2017","status":"publish","type":"page","link":"https:\/\/matecomangu.org\/site\/festival-mate-com-angu-de-cinema-popular-2017\/","title":{"rendered":"Festival Mate Com Angu de Cinema Popular 2017"},"content":{"rendered":"<div class=\"entry-content\">\n<p align=\"left\">O <a href=\"http:\/\/matecomangu.org\/festival2017\/\"><b>Festival Mate Com Angu de Cinema Popular <\/b><\/a>entra em sua terceira edi\u00e7\u00e3o com todo o g\u00e1s. E com essa ideia na veia: levar a magia e a reflex\u00e3o cinematogr\u00e1fica para o cotidiano da vida na Baixada.<\/p>\n<p>O evento contar\u00e1 com proje\u00e7\u00f5es de filmes em pra\u00e7a p\u00fablica, debates sobre a linguagem audiovisual e seus modos de produ\u00e7\u00e3o, reunir\u00e1 realizadores da Baixada e de outras \u00e1reas perif\u00e9ricas do pa\u00eds e lan\u00e7ar\u00e1 em terras fluminenses longas-metragens de peso da atual produ\u00e7\u00e3o brasileira. Al\u00e9m de homenagear uma personalidade importante da hist\u00f3ria de nosso cinema.<\/p>\n<p>O Festival Mate Com Angu de Cinema Popular \u00a0acontecer\u00e1 em maio de 2017 e ser\u00e1 mais um evento potente a se juntar a onda de positividade que est\u00e1 mudando a cara da regi\u00e3o.<\/p>\n<p>O evento \u00e9 uma realiza\u00e7\u00e3o do Cineclube Mate Com Angu e da Terreiro de Ideias, com recursos do edital para Mostras e Festivais da RioFilme e Secretaria de Estado de Cultura do Rio de Janeiro.<\/p>\n<p>Parceiros do Festival: Gomeia Galp\u00e3o Criativo, Ponto de Cultura Lira de Ouro, Instituto Hist\u00f3rico de Duque de Caxias.<\/p>\n<p><a href=\"http:\/\/matecomangu.org\/festival2017\/\"><strong>Site do Festival<\/strong><\/a><\/p>\n<\/div>\n","protected":false},"excerpt":{"rendered":"<p>O Festival Mate Com Angu de Cinema Popular entra em sua terceira edi\u00e7\u00e3o com todo o g\u00e1s. E com essa ideia na veia: levar a magia e a reflex\u00e3o cinematogr\u00e1fica para o cotidiano da vida na Baixada. O evento contar\u00e1 com proje\u00e7\u00f5es de filmes em pra\u00e7a p\u00fablica, debates sobre a\u2026 <a class=\"continue-reading-link\" href=\"https:\/\/matecomangu.org\/site\/festival-mate-com-angu-de-cinema-popular-2017\/\">Ler o post inteiro<\/a><\/p>\n","protected":false},"author":1,"featured_media":0,"parent":0,"menu_order":0,"comment_status":"closed","ping_status":"closed","template":"","meta":{"footnotes":""},"class_list":["post-2117","page","type-page","status-publish","hentry"],"_links":{"self":[{"href":"https:\/\/matecomangu.org\/site\/wp-json\/wp\/v2\/pages\/2117","targetHints":{"allow":["GET"]}}],"collection":[{"href":"https:\/\/matecomangu.org\/site\/wp-json\/wp\/v2\/pages"}],"about":[{"href":"https:\/\/matecomangu.org\/site\/wp-json\/wp\/v2\/types\/page"}],"author":[{"embeddable":true,"href":"https:\/\/matecomangu.org\/site\/wp-json\/wp\/v2\/users\/1"}],"replies":[{"embeddable":true,"href":"https:\/\/matecomangu.org\/site\/wp-json\/wp\/v2\/comments?post=2117"}],"version-history":[{"count":4,"href":"https:\/\/matecomangu.org\/site\/wp-json\/wp\/v2\/pages\/2117\/revisions"}],"predecessor-version":[{"id":2132,"href":"https:\/\/matecomangu.org\/site\/wp-json\/wp\/v2\/pages\/2117\/revisions\/2132"}],"wp:attachment":[{"href":"https:\/\/matecomangu.org\/site\/wp-json\/wp\/v2\/media?parent=2117"}],"curies":[{"name":"wp","href":"https:\/\/api.w.org\/{rel}","templated":true}]}}