{"id":2441,"date":"2020-02-07T14:45:01","date_gmt":"2020-02-07T14:45:01","guid":{"rendered":"http:\/\/matecomangu.org\/site\/?page_id=2441"},"modified":"2025-10-23T17:28:19","modified_gmt":"2025-10-23T17:28:19","slug":"inicial","status":"publish","type":"page","link":"https:\/\/matecomangu.org\/site\/","title":{"rendered":"INICIAL"},"content":{"rendered":"\n<figure class=\"wp-block-image size-full is-resized\"><a href=\"https:\/\/matecomangu.org\/site\/tudo-pronto-para-o-5o-festival-mate-com-angu\/\"><img loading=\"lazy\" decoding=\"async\" width=\"800\" height=\"1000\" src=\"https:\/\/matecomangu.org\/site\/wp-content\/uploads\/festival-matecomangu-de-cinema.jpg\" alt=\"\" class=\"wp-image-3539\" style=\"width:840px;height:auto\" srcset=\"https:\/\/matecomangu.org\/site\/wp-content\/uploads\/festival-matecomangu-de-cinema.jpg 800w, https:\/\/matecomangu.org\/site\/wp-content\/uploads\/festival-matecomangu-de-cinema-240x300.jpg 240w, https:\/\/matecomangu.org\/site\/wp-content\/uploads\/festival-matecomangu-de-cinema-768x960.jpg 768w, https:\/\/matecomangu.org\/site\/wp-content\/uploads\/festival-matecomangu-de-cinema-120x150.jpg 120w\" sizes=\"auto, (max-width: 800px) 100vw, 800px\" \/><\/a><figcaption class=\"wp-element-caption\">Tudo pronto pra o <a href=\"https:\/\/matecomangu.org\/site\/tudo-pronto-para-o-5o-festival-mate-com-angu\/\">5\u00ba Festival Mate Com Angu de Cinema!<\/a> 6 dias de muito Cinema e encontros<\/figcaption><\/figure>\n\n\n\n<figure class=\"wp-block-embed is-type-video is-provider-youtube wp-block-embed-youtube wp-embed-aspect-16-9 wp-has-aspect-ratio\"><div class=\"wp-block-embed__wrapper\">\n<iframe loading=\"lazy\" title=\"#17 PAPO NA LAJE: Cineclubismo. TEMPORADA #3\" width=\"800\" height=\"450\" src=\"https:\/\/www.youtube.com\/embed\/yEGkHX-QkxI?feature=oembed\" frameborder=\"0\" allow=\"accelerometer; autoplay; clipboard-write; encrypted-media; gyroscope; picture-in-picture; web-share\" referrerpolicy=\"strict-origin-when-cross-origin\" allowfullscreen><\/iframe>\n<\/div><figcaption class=\"wp-element-caption\">Participa\u00e7\u00e3o do Mate no Programa Papo na Laje, sobre cineclubismo<\/figcaption><\/figure>\n\n\n\n<figure class=\"wp-block-embed is-type-video is-provider-youtube wp-block-embed-youtube wp-embed-aspect-16-9 wp-has-aspect-ratio\"><div class=\"wp-block-embed__wrapper\">\n<iframe loading=\"lazy\" title=\"DEMOMATE 2024 - Oficina de Cineclubismo na Pr\u00e1tica\" width=\"800\" height=\"450\" src=\"https:\/\/www.youtube.com\/embed\/0GnAJUgPHpc?feature=oembed\" frameborder=\"0\" allow=\"accelerometer; autoplay; clipboard-write; encrypted-media; gyroscope; picture-in-picture; web-share\" referrerpolicy=\"strict-origin-when-cross-origin\" allowfullscreen><\/iframe>\n<\/div><\/figure>\n\n\n\n<hr class=\"wp-block-separator has-alpha-channel-opacity\"\/>\n\n\n\n<figure class=\"wp-block-embed is-type-video is-provider-youtube wp-block-embed-youtube wp-embed-aspect-16-9 wp-has-aspect-ratio\"><div class=\"wp-block-embed__wrapper\">\n<iframe loading=\"lazy\" title=\"Festival Mate Com Angu de Cinema - 4\u00aa Edi\u00e7\u00e3o [novembro de 2022]\" width=\"800\" height=\"450\" src=\"https:\/\/www.youtube.com\/embed\/Kd5_lJj314k?feature=oembed\" frameborder=\"0\" allow=\"accelerometer; autoplay; clipboard-write; encrypted-media; gyroscope; picture-in-picture; web-share\" referrerpolicy=\"strict-origin-when-cross-origin\" allowfullscreen><\/iframe>\n<\/div><figcaption class=\"wp-element-caption\">Um pouco da quarta edi\u00e7\u00e3o do Festival Mate Com Angu de Cinema! Que rolou no Museu Ci\u00eancia e Vida, no Gomeia Galp\u00e3o Criativo, na Febf\/Uerj, no Bloco Imp\u00e9rio do Gramacho e na Cinemateca do MAM.<strong> Seis dias de muito Cinema, emo\u00e7\u00e3o e encontros.<\/strong><\/figcaption><\/figure>\n\n\n\n<hr class=\"wp-block-separator has-alpha-channel-opacity\"\/>\n\n\n\n<figure class=\"wp-block-embed is-type-video is-provider-youtube wp-block-embed-youtube wp-embed-aspect-16-9 wp-has-aspect-ratio\"><div class=\"wp-block-embed__wrapper\">\n<iframe loading=\"lazy\" title=\"Debate live sobre Sess\u00e3o Coletivo audiovisual Mate com Angu\" width=\"800\" height=\"450\" src=\"https:\/\/www.youtube.com\/embed\/Lm4uAv6TKV4?feature=oembed\" frameborder=\"0\" allow=\"accelerometer; autoplay; clipboard-write; encrypted-media; gyroscope; picture-in-picture; web-share\" referrerpolicy=\"strict-origin-when-cross-origin\" allowfullscreen><\/iframe>\n<\/div><\/figure>\n\n\n\n<hr class=\"wp-block-separator has-alpha-channel-opacity\"\/>\n\n\n\n<div class=\"wp-block-uagb-advanced-heading uagb-block-d2da4916\">\n<h1 class=\"uagb-heading-text\">O CEROL FININHO DA BAIXADA<\/h1>\n\n<p class=\"uagb-desc-text\"><strong>cineclubismo, m\u00eddia, filosofia, cinema e baga\u00e7aria <\/strong><\/p>\n<\/div>\n\n\n\n<figure class=\"wp-block-gallery has-nested-images columns-default is-cropped wp-block-gallery-1 is-layout-flex wp-block-gallery-is-layout-flex\">\n<figure class=\"wp-block-image size-large\"><img loading=\"lazy\" decoding=\"async\" width=\"500\" height=\"375\" data-id=\"1225\" src=\"https:\/\/matecomangu.org\/site\/wp-content\/uploads\/lab-austin-primeirodia.jpg\" alt=\"Laborat\u00f3rio Mate Com Angu de Cinema e Ciberativismo na Escola Livre de Cinema de Nova Igua\u00e7u\" class=\"wp-image-1225\" srcset=\"https:\/\/matecomangu.org\/site\/wp-content\/uploads\/lab-austin-primeirodia.jpg 500w, https:\/\/matecomangu.org\/site\/wp-content\/uploads\/lab-austin-primeirodia-300x225.jpg 300w\" sizes=\"auto, (max-width: 500px) 100vw, 500px\" \/><\/figure>\n\n\n\n<figure class=\"wp-block-image size-large\"><img loading=\"lazy\" decoding=\"async\" width=\"600\" height=\"338\" data-id=\"1263\" src=\"https:\/\/matecomangu.org\/site\/wp-content\/uploads\/cinenois_primeirodia.jpg\" alt=\"Cin\u00e9nois - Mate Com Angu, Sesc, Instituto Tear\" class=\"wp-image-1263\" srcset=\"https:\/\/matecomangu.org\/site\/wp-content\/uploads\/cinenois_primeirodia.jpg 600w, https:\/\/matecomangu.org\/site\/wp-content\/uploads\/cinenois_primeirodia-300x169.jpg 300w\" sizes=\"auto, (max-width: 600px) 100vw, 600px\" \/><\/figure>\n\n\n\n<figure class=\"wp-block-image size-large\"><img loading=\"lazy\" decoding=\"async\" width=\"600\" height=\"338\" data-id=\"1613\" src=\"https:\/\/matecomangu.org\/site\/wp-content\/uploads\/1aarao1.jpg\" alt=\"\" class=\"wp-image-1613\" srcset=\"https:\/\/matecomangu.org\/site\/wp-content\/uploads\/1aarao1.jpg 600w, https:\/\/matecomangu.org\/site\/wp-content\/uploads\/1aarao1-300x169.jpg 300w, https:\/\/matecomangu.org\/site\/wp-content\/uploads\/1aarao1-460x260.jpg 460w\" sizes=\"auto, (max-width: 600px) 100vw, 600px\" \/><\/figure>\n\n\n\n<figure class=\"wp-block-image size-large\"><img loading=\"lazy\" decoding=\"async\" width=\"600\" height=\"338\" data-id=\"1627\" src=\"https:\/\/matecomangu.org\/site\/wp-content\/uploads\/sessao-jovem-negro-vivo7.jpg\" alt=\"Sess\u00e3o Jovem Negro Vivo - Mate Com Angu - Anistia Internacional - Semana dos Realizadores\" class=\"wp-image-1627\" srcset=\"https:\/\/matecomangu.org\/site\/wp-content\/uploads\/sessao-jovem-negro-vivo7.jpg 600w, https:\/\/matecomangu.org\/site\/wp-content\/uploads\/sessao-jovem-negro-vivo7-300x169.jpg 300w, https:\/\/matecomangu.org\/site\/wp-content\/uploads\/sessao-jovem-negro-vivo7-460x260.jpg 460w\" sizes=\"auto, (max-width: 600px) 100vw, 600px\" \/><\/figure>\n\n\n\n<figure class=\"wp-block-image size-large\"><img loading=\"lazy\" decoding=\"async\" width=\"600\" height=\"400\" data-id=\"1763\" src=\"https:\/\/matecomangu.org\/site\/wp-content\/uploads\/filme-novo-matecomangu2.jpg\" alt=\"\" class=\"wp-image-1763\" srcset=\"https:\/\/matecomangu.org\/site\/wp-content\/uploads\/filme-novo-matecomangu2.jpg 600w, https:\/\/matecomangu.org\/site\/wp-content\/uploads\/filme-novo-matecomangu2-300x200.jpg 300w, https:\/\/matecomangu.org\/site\/wp-content\/uploads\/filme-novo-matecomangu2-225x150.jpg 225w, https:\/\/matecomangu.org\/site\/wp-content\/uploads\/filme-novo-matecomangu2-150x100.jpg 150w\" sizes=\"auto, (max-width: 600px) 100vw, 600px\" \/><\/figure>\n\n\n\n<figure class=\"wp-block-image size-large\"><img loading=\"lazy\" decoding=\"async\" width=\"800\" height=\"450\" data-id=\"1785\" src=\"https:\/\/matecomangu.org\/site\/wp-content\/uploads\/festival-solano-trindade1.jpg\" alt=\"\" class=\"wp-image-1785\" srcset=\"https:\/\/matecomangu.org\/site\/wp-content\/uploads\/festival-solano-trindade1.jpg 800w, https:\/\/matecomangu.org\/site\/wp-content\/uploads\/festival-solano-trindade1-300x169.jpg 300w, https:\/\/matecomangu.org\/site\/wp-content\/uploads\/festival-solano-trindade1-768x432.jpg 768w, https:\/\/matecomangu.org\/site\/wp-content\/uploads\/festival-solano-trindade1-250x141.jpg 250w, https:\/\/matecomangu.org\/site\/wp-content\/uploads\/festival-solano-trindade1-150x84.jpg 150w\" sizes=\"auto, (max-width: 800px) 100vw, 800px\" \/><\/figure>\n\n\n\n<figure class=\"wp-block-image size-large\"><img loading=\"lazy\" decoding=\"async\" width=\"1024\" height=\"559\" data-id=\"2454\" src=\"https:\/\/matecomangu.org\/site\/wp-content\/uploads\/MateComAngu-na-Lira_foto_Arthur-William-1024x559.jpg\" alt=\"\" class=\"wp-image-2454\" srcset=\"https:\/\/matecomangu.org\/site\/wp-content\/uploads\/MateComAngu-na-Lira_foto_Arthur-William-1024x559.jpg 1024w, https:\/\/matecomangu.org\/site\/wp-content\/uploads\/MateComAngu-na-Lira_foto_Arthur-William-300x164.jpg 300w, https:\/\/matecomangu.org\/site\/wp-content\/uploads\/MateComAngu-na-Lira_foto_Arthur-William-768x419.jpg 768w, https:\/\/matecomangu.org\/site\/wp-content\/uploads\/MateComAngu-na-Lira_foto_Arthur-William-1536x838.jpg 1536w, https:\/\/matecomangu.org\/site\/wp-content\/uploads\/MateComAngu-na-Lira_foto_Arthur-William.jpg 1920w\" sizes=\"auto, (max-width: 1024px) 100vw, 1024px\" \/><\/figure>\n<\/figure>\n","protected":false},"excerpt":{"rendered":"<p>O CEROL FININHO DA BAIXADA cineclubismo, m\u00eddia, filosofia, cinema e baga\u00e7aria <a class=\"continue-reading-link\" href=\"https:\/\/matecomangu.org\/site\/\">Ler o post inteiro<\/a><\/p>\n","protected":false},"author":1,"featured_media":3372,"parent":0,"menu_order":0,"comment_status":"closed","ping_status":"closed","template":"","meta":{"footnotes":""},"class_list":["post-2441","page","type-page","status-publish","has-post-thumbnail","hentry"],"_links":{"self":[{"href":"https:\/\/matecomangu.org\/site\/wp-json\/wp\/v2\/pages\/2441","targetHints":{"allow":["GET"]}}],"collection":[{"href":"https:\/\/matecomangu.org\/site\/wp-json\/wp\/v2\/pages"}],"about":[{"href":"https:\/\/matecomangu.org\/site\/wp-json\/wp\/v2\/types\/page"}],"author":[{"embeddable":true,"href":"https:\/\/matecomangu.org\/site\/wp-json\/wp\/v2\/users\/1"}],"replies":[{"embeddable":true,"href":"https:\/\/matecomangu.org\/site\/wp-json\/wp\/v2\/comments?post=2441"}],"version-history":[{"count":170,"href":"https:\/\/matecomangu.org\/site\/wp-json\/wp\/v2\/pages\/2441\/revisions"}],"predecessor-version":[{"id":3542,"href":"https:\/\/matecomangu.org\/site\/wp-json\/wp\/v2\/pages\/2441\/revisions\/3542"}],"wp:featuredmedia":[{"embeddable":true,"href":"https:\/\/matecomangu.org\/site\/wp-json\/wp\/v2\/media\/3372"}],"wp:attachment":[{"href":"https:\/\/matecomangu.org\/site\/wp-json\/wp\/v2\/media?parent=2441"}],"curies":[{"name":"wp","href":"https:\/\/api.w.org\/{rel}","templated":true}]}}