{"id":2865,"date":"2021-12-19T20:08:32","date_gmt":"2021-12-19T20:08:32","guid":{"rendered":"https:\/\/matecomangu.org\/site\/?page_id=2865"},"modified":"2024-11-08T18:21:10","modified_gmt":"2024-11-08T18:21:10","slug":"sessoes-contrapartidas-lei-aldir-blanc","status":"publish","type":"page","link":"https:\/\/matecomangu.org\/site\/sessoes-contrapartidas-lei-aldir-blanc\/","title":{"rendered":"SESS\u00d5ES CONTRAPARTIDAS \/ LEI ALDIR BLANC"},"content":{"rendered":"\n<p>Foram 13 sess\u00f5es online com debate como contrapartidas pela Lei Aldir Blanc durante o ano de 2021. E uma sess\u00e3o presencial na Escola Municipal Dr. \u00c1lvaro Alberto, no primeiro distrito.<\/p>\n\n\n\n<p><strong>AQUI AS SESS\u00d5ES EST\u00c3O REUNIDAS NESTA PLAYLIST:<\/strong><\/p>\n\n\n\n<figure class=\"wp-block-embed is-type-video is-provider-youtube wp-block-embed-youtube wp-embed-aspect-16-9 wp-has-aspect-ratio\"><div class=\"wp-block-embed__wrapper\">\n<iframe loading=\"lazy\" title=\"Sess\u00e3o Guerrilha!\" width=\"800\" height=\"450\" src=\"https:\/\/www.youtube.com\/embed\/RgKOaGt6zCM?list=PLAhbhhbhNaDceyr3V1hEQ8qCDOeKETqiW\" frameborder=\"0\" allow=\"accelerometer; autoplay; clipboard-write; encrypted-media; gyroscope; picture-in-picture; web-share\" referrerpolicy=\"strict-origin-when-cross-origin\" allowfullscreen><\/iframe>\n<\/div><\/figure>\n\n\n\n<figure class=\"wp-block-image size-large\"><a href=\"https:\/\/matecomangu.org\/site\/wp-content\/uploads\/nafavela.jpg\"><img loading=\"lazy\" decoding=\"async\" width=\"1024\" height=\"465\" src=\"https:\/\/matecomangu.org\/site\/wp-content\/uploads\/nafavela-1024x465.jpg\" alt=\"\" class=\"wp-image-2867\" srcset=\"https:\/\/matecomangu.org\/site\/wp-content\/uploads\/nafavela-1024x465.jpg 1024w, https:\/\/matecomangu.org\/site\/wp-content\/uploads\/nafavela-300x136.jpg 300w, https:\/\/matecomangu.org\/site\/wp-content\/uploads\/nafavela-768x349.jpg 768w, https:\/\/matecomangu.org\/site\/wp-content\/uploads\/nafavela.jpg 1177w\" sizes=\"auto, (max-width: 1024px) 100vw, 1024px\" \/><\/a><figcaption class=\"wp-element-caption\">Sess\u00e3o Na Favela &#8211; 21\/08\/21<\/figcaption><\/figure>\n\n\n\n<figure class=\"wp-block-image size-large\"><a href=\"https:\/\/matecomangu.org\/site\/wp-content\/uploads\/gira.jpg\"><img loading=\"lazy\" decoding=\"async\" width=\"1024\" height=\"461\" src=\"https:\/\/matecomangu.org\/site\/wp-content\/uploads\/gira-1024x461.jpg\" alt=\"\" class=\"wp-image-2868\" srcset=\"https:\/\/matecomangu.org\/site\/wp-content\/uploads\/gira-1024x461.jpg 1024w, https:\/\/matecomangu.org\/site\/wp-content\/uploads\/gira-300x135.jpg 300w, https:\/\/matecomangu.org\/site\/wp-content\/uploads\/gira-768x345.jpg 768w, https:\/\/matecomangu.org\/site\/wp-content\/uploads\/gira.jpg 1185w\" sizes=\"auto, (max-width: 1024px) 100vw, 1024px\" \/><\/a><figcaption class=\"wp-element-caption\">Sess\u00e3o Gira &#8211; 03\/02\/21<\/figcaption><\/figure>\n\n\n\n<figure class=\"wp-block-image size-large\"><a href=\"https:\/\/matecomangu.org\/site\/wp-content\/uploads\/tiioclems.jpg\"><img loading=\"lazy\" decoding=\"async\" width=\"1024\" height=\"461\" src=\"https:\/\/matecomangu.org\/site\/wp-content\/uploads\/tiioclems-1024x461.jpg\" alt=\"\" class=\"wp-image-2869\" srcset=\"https:\/\/matecomangu.org\/site\/wp-content\/uploads\/tiioclems-1024x461.jpg 1024w, https:\/\/matecomangu.org\/site\/wp-content\/uploads\/tiioclems-300x135.jpg 300w, https:\/\/matecomangu.org\/site\/wp-content\/uploads\/tiioclems-768x346.jpg 768w, https:\/\/matecomangu.org\/site\/wp-content\/uploads\/tiioclems.jpg 1182w\" sizes=\"auto, (max-width: 1024px) 100vw, 1024px\" \/><\/a><figcaption class=\"wp-element-caption\">Sess\u00e3o Tio Clems e o Atl\u00e2ntico Negro &#8211; 17\/02\/21<\/figcaption><\/figure>\n\n\n\n<figure class=\"wp-block-image size-large\"><a href=\"https:\/\/matecomangu.org\/site\/wp-content\/uploads\/litrao.jpg\"><img loading=\"lazy\" decoding=\"async\" width=\"1024\" height=\"460\" src=\"https:\/\/matecomangu.org\/site\/wp-content\/uploads\/litrao-1024x460.jpg\" alt=\"\" class=\"wp-image-2871\" srcset=\"https:\/\/matecomangu.org\/site\/wp-content\/uploads\/litrao-1024x460.jpg 1024w, https:\/\/matecomangu.org\/site\/wp-content\/uploads\/litrao-300x135.jpg 300w, https:\/\/matecomangu.org\/site\/wp-content\/uploads\/litrao-768x345.jpg 768w, https:\/\/matecomangu.org\/site\/wp-content\/uploads\/litrao.jpg 1176w\" sizes=\"auto, (max-width: 1024px) 100vw, 1024px\" \/><\/a><figcaption class=\"wp-element-caption\">Sess\u00e3o Litr\u00e3o com o BaixadaCine &#8211; 17\/03\/21<\/figcaption><\/figure>\n\n\n\n<figure class=\"wp-block-image size-large\"><a href=\"https:\/\/matecomangu.org\/site\/wp-content\/uploads\/sandino.jpg\"><img loading=\"lazy\" decoding=\"async\" width=\"1024\" height=\"466\" src=\"https:\/\/matecomangu.org\/site\/wp-content\/uploads\/sandino-1024x466.jpg\" alt=\"\" class=\"wp-image-2872\" srcset=\"https:\/\/matecomangu.org\/site\/wp-content\/uploads\/sandino-1024x466.jpg 1024w, https:\/\/matecomangu.org\/site\/wp-content\/uploads\/sandino-300x136.jpg 300w, https:\/\/matecomangu.org\/site\/wp-content\/uploads\/sandino-768x349.jpg 768w, https:\/\/matecomangu.org\/site\/wp-content\/uploads\/sandino.jpg 1174w\" sizes=\"auto, (max-width: 1024px) 100vw, 1024px\" \/><\/a><figcaption class=\"wp-element-caption\">Sess\u00e3o Casa do Sandino &#8211; 24\/02\/21<\/figcaption><\/figure>\n\n\n\n<figure class=\"wp-block-image size-large\"><a href=\"https:\/\/matecomangu.org\/site\/wp-content\/uploads\/chama.jpg\"><img loading=\"lazy\" decoding=\"async\" width=\"1024\" height=\"467\" src=\"https:\/\/matecomangu.org\/site\/wp-content\/uploads\/chama-1024x467.jpg\" alt=\"\" class=\"wp-image-2873\" srcset=\"https:\/\/matecomangu.org\/site\/wp-content\/uploads\/chama-1024x467.jpg 1024w, https:\/\/matecomangu.org\/site\/wp-content\/uploads\/chama-300x137.jpg 300w, https:\/\/matecomangu.org\/site\/wp-content\/uploads\/chama-768x350.jpg 768w, https:\/\/matecomangu.org\/site\/wp-content\/uploads\/chama.jpg 1175w\" sizes=\"auto, (max-width: 1024px) 100vw, 1024px\" \/><\/a><figcaption class=\"wp-element-caption\">Sess\u00e3o Chama na Ideia &#8211; 15\/04\/21<\/figcaption><\/figure>\n\n\n\n<figure class=\"wp-block-image size-large\"><a href=\"https:\/\/matecomangu.org\/site\/wp-content\/uploads\/alezlean.jpg\"><img loading=\"lazy\" decoding=\"async\" width=\"1024\" height=\"467\" src=\"https:\/\/matecomangu.org\/site\/wp-content\/uploads\/alezlean-1024x467.jpg\" alt=\"\" class=\"wp-image-2874\" srcset=\"https:\/\/matecomangu.org\/site\/wp-content\/uploads\/alezlean-1024x467.jpg 1024w, https:\/\/matecomangu.org\/site\/wp-content\/uploads\/alezlean-300x137.jpg 300w, https:\/\/matecomangu.org\/site\/wp-content\/uploads\/alezlean-768x350.jpg 768w, https:\/\/matecomangu.org\/site\/wp-content\/uploads\/alezlean.jpg 1176w\" sizes=\"auto, (max-width: 1024px) 100vw, 1024px\" \/><\/a><figcaption class=\"wp-element-caption\">Sess\u00e3o Experimental &#8211; 18\/08\/21<\/figcaption><\/figure>\n\n\n\n<figure class=\"wp-block-image size-large\"><a href=\"https:\/\/matecomangu.org\/site\/wp-content\/uploads\/catu-rizo.jpg\"><img loading=\"lazy\" decoding=\"async\" width=\"1024\" height=\"465\" src=\"https:\/\/matecomangu.org\/site\/wp-content\/uploads\/catu-rizo-1024x465.jpg\" alt=\"\" class=\"wp-image-2875\" srcset=\"https:\/\/matecomangu.org\/site\/wp-content\/uploads\/catu-rizo-1024x465.jpg 1024w, https:\/\/matecomangu.org\/site\/wp-content\/uploads\/catu-rizo-300x136.jpg 300w, https:\/\/matecomangu.org\/site\/wp-content\/uploads\/catu-rizo-768x349.jpg 768w, https:\/\/matecomangu.org\/site\/wp-content\/uploads\/catu-rizo.jpg 1175w\" sizes=\"auto, (max-width: 1024px) 100vw, 1024px\" \/><\/a><figcaption class=\"wp-element-caption\">Sess\u00e3o Catu Rizo &#8211; 28\/08\/21<\/figcaption><\/figure>\n\n\n\n<figure class=\"wp-block-image size-large\"><a href=\"https:\/\/matecomangu.org\/site\/wp-content\/uploads\/formigadereis.jpg\"><img loading=\"lazy\" decoding=\"async\" width=\"1024\" height=\"470\" src=\"https:\/\/matecomangu.org\/site\/wp-content\/uploads\/formigadereis-1024x470.jpg\" alt=\"\" class=\"wp-image-2876\" srcset=\"https:\/\/matecomangu.org\/site\/wp-content\/uploads\/formigadereis-1024x470.jpg 1024w, https:\/\/matecomangu.org\/site\/wp-content\/uploads\/formigadereis-300x138.jpg 300w, https:\/\/matecomangu.org\/site\/wp-content\/uploads\/formigadereis-768x352.jpg 768w, https:\/\/matecomangu.org\/site\/wp-content\/uploads\/formigadereis.jpg 1166w\" sizes=\"auto, (max-width: 1024px) 100vw, 1024px\" \/><\/a><figcaption class=\"wp-element-caption\">Sess\u00e3o Formiga de Reis &#8211; 04\/09\/21<\/figcaption><\/figure>\n\n\n\n<figure class=\"wp-block-image size-large\"><a href=\"https:\/\/matecomangu.org\/site\/wp-content\/uploads\/cataldo.jpg\"><img loading=\"lazy\" decoding=\"async\" width=\"1024\" height=\"485\" src=\"https:\/\/matecomangu.org\/site\/wp-content\/uploads\/cataldo-1024x485.jpg\" alt=\"\" class=\"wp-image-2877\" srcset=\"https:\/\/matecomangu.org\/site\/wp-content\/uploads\/cataldo-1024x485.jpg 1024w, https:\/\/matecomangu.org\/site\/wp-content\/uploads\/cataldo-300x142.jpg 300w, https:\/\/matecomangu.org\/site\/wp-content\/uploads\/cataldo-768x363.jpg 768w, https:\/\/matecomangu.org\/site\/wp-content\/uploads\/cataldo.jpg 1141w\" sizes=\"auto, (max-width: 1024px) 100vw, 1024px\" \/><\/a><figcaption class=\"wp-element-caption\">Sess\u00e3o Benjamin Zambraia, com Felipe Cataldo &#8211; 21\/08\/21<\/figcaption><\/figure>\n\n\n\n<figure class=\"wp-block-gallery has-nested-images columns-default is-cropped wp-block-gallery-1 is-layout-flex wp-block-gallery-is-layout-flex\">\n<figure class=\"wp-block-image size-large\"><a href=\"https:\/\/matecomangu.org\/site\/wp-content\/uploads\/alvaroalberto2.jpeg\"><img loading=\"lazy\" decoding=\"async\" width=\"576\" height=\"1024\" data-id=\"2879\" src=\"https:\/\/matecomangu.org\/site\/wp-content\/uploads\/alvaroalberto2-576x1024.jpeg\" alt=\"\" class=\"wp-image-2879\" srcset=\"https:\/\/matecomangu.org\/site\/wp-content\/uploads\/alvaroalberto2-576x1024.jpeg 576w, https:\/\/matecomangu.org\/site\/wp-content\/uploads\/alvaroalberto2-169x300.jpeg 169w, https:\/\/matecomangu.org\/site\/wp-content\/uploads\/alvaroalberto2.jpeg 648w\" sizes=\"auto, (max-width: 576px) 100vw, 576px\" \/><\/a><\/figure>\n\n\n\n<figure class=\"wp-block-image size-large\"><a href=\"https:\/\/matecomangu.org\/site\/wp-content\/uploads\/alvaroalberto1.jpeg\"><img loading=\"lazy\" decoding=\"async\" width=\"1024\" height=\"576\" data-id=\"2880\" src=\"https:\/\/matecomangu.org\/site\/wp-content\/uploads\/alvaroalberto1-1024x576.jpeg\" alt=\"\" class=\"wp-image-2880\" srcset=\"https:\/\/matecomangu.org\/site\/wp-content\/uploads\/alvaroalberto1-1024x576.jpeg 1024w, https:\/\/matecomangu.org\/site\/wp-content\/uploads\/alvaroalberto1-300x169.jpeg 300w, https:\/\/matecomangu.org\/site\/wp-content\/uploads\/alvaroalberto1-768x432.jpeg 768w, https:\/\/matecomangu.org\/site\/wp-content\/uploads\/alvaroalberto1-1536x864.jpeg 1536w, https:\/\/matecomangu.org\/site\/wp-content\/uploads\/alvaroalberto1.jpeg 1599w\" sizes=\"auto, (max-width: 1024px) 100vw, 1024px\" \/><\/a><\/figure>\n<figcaption class=\"blocks-gallery-caption wp-element-caption\">Sess\u00e3o Janelas Floridas &#8211; Homenagem aos 100 anos da Escola Mate com Angu (atual Escola Municipal Dr. \u00c1lvaro Alberto)<\/figcaption><\/figure>\n\n\n\n<p>.<\/p>\n\n\n\n<p>.<\/p>\n","protected":false},"excerpt":{"rendered":"<p>Foram 13 sess\u00f5es online com debate como contrapartidas pela Lei Aldir Blanc durante o ano de 2021. E uma sess\u00e3o presencial na Escola Municipal Dr. \u00c1lvaro Alberto, no primeiro distrito. AQUI AS SESS\u00d5ES EST\u00c3O REUNIDAS NESTA PLAYLIST: . . <a class=\"continue-reading-link\" href=\"https:\/\/matecomangu.org\/site\/sessoes-contrapartidas-lei-aldir-blanc\/\">Ler o post inteiro<\/a><\/p>\n","protected":false},"author":1,"featured_media":0,"parent":0,"menu_order":0,"comment_status":"closed","ping_status":"closed","template":"templates\/template-onecolumn.php","meta":{"footnotes":""},"class_list":["post-2865","page","type-page","status-publish","hentry"],"_links":{"self":[{"href":"https:\/\/matecomangu.org\/site\/wp-json\/wp\/v2\/pages\/2865","targetHints":{"allow":["GET"]}}],"collection":[{"href":"https:\/\/matecomangu.org\/site\/wp-json\/wp\/v2\/pages"}],"about":[{"href":"https:\/\/matecomangu.org\/site\/wp-json\/wp\/v2\/types\/page"}],"author":[{"embeddable":true,"href":"https:\/\/matecomangu.org\/site\/wp-json\/wp\/v2\/users\/1"}],"replies":[{"embeddable":true,"href":"https:\/\/matecomangu.org\/site\/wp-json\/wp\/v2\/comments?post=2865"}],"version-history":[{"count":5,"href":"https:\/\/matecomangu.org\/site\/wp-json\/wp\/v2\/pages\/2865\/revisions"}],"predecessor-version":[{"id":3331,"href":"https:\/\/matecomangu.org\/site\/wp-json\/wp\/v2\/pages\/2865\/revisions\/3331"}],"wp:attachment":[{"href":"https:\/\/matecomangu.org\/site\/wp-json\/wp\/v2\/media?parent=2865"}],"curies":[{"name":"wp","href":"https:\/\/api.w.org\/{rel}","templated":true}]}}