{"id":2889,"date":"2021-12-23T01:29:09","date_gmt":"2021-12-23T01:29:09","guid":{"rendered":"https:\/\/matecomangu.org\/site\/?page_id=2889"},"modified":"2024-11-08T18:20:04","modified_gmt":"2024-11-08T18:20:04","slug":"oficina-chama-na-ideia","status":"publish","type":"page","link":"https:\/\/matecomangu.org\/site\/oficina-chama-na-ideia\/","title":{"rendered":"OFICINA CHAMA NA IDEIA"},"content":{"rendered":"\n<p>A Oficina Chama na Ideia aconteceu nesse ano de 2021, nos dias 15\/04, 20h (aula inaugural aberta); 17\/04 (15h), 24\/04 (15h) e 01\/05 (15h).<\/p>\n\n\n\n<p>O projeto foi apresentado como &#8220;Oficina de Roteiro de Mate Com Angu&#8221; e era previsto para acontecer presencialmente, no Gomeia Galp\u00e3o Criativo. Durante a pr\u00e9-produ\u00e7\u00e3o mudamos o nome da oficina para &#8220;Chama na Ideia&#8221;, por considerarmos mais atrativo. Tamb\u00e9m passamos as aulas para o modo online, por conta da pandemia COVID-19.<\/p>\n\n\n\n<p>As aulas apresentaram ferramentas b\u00e1sicas para a escrita de um roteiro cinematogr\u00e1fico de curta-metragem em cinco aulas de tr\u00eas horas cada, totalizando uma carga hor\u00e1ria de 12 horas (no projeto enviado, prev\u00edamos uma carga hor\u00e1ria de 9 horas).<\/p>\n\n\n\n<p>O curso foi um sucesso em todos os sentidos. Com pouco tempo para a divulga\u00e7\u00e3o, conseguimos 85 inscri\u00e7\u00f5es de alunos de quase todas as regi\u00f5es do Brasil, sendo 46 da Baixada Fluminense e destes, 32 de Duque de Caxias. Cerca de 40% dos inscritos terminaram o curso.<\/p>\n\n\n\n<p>A primeira aula foi aberta e contou com a participa\u00e7\u00e3o de tr\u00eas roteiristas reconhecidos pelo mercado. Michel Carvalho, Catu Rizo e Felipe Bragan\u00e7a. O papo foi muito rico e at\u00e9 o momento 250 pessoas j\u00e1 assistiram no youtube.<\/p>\n\n\n\n<p>Alternando exposi\u00e7\u00e3o te\u00f3rica, an\u00e1lise e discuss\u00e3o de filmes e exerc\u00edcios pr\u00e1ticos. Os participantes tiveram contato com ferramentas para desenvolver e estruturar suas hist\u00f3rias: g\u00eaneros cinematogr\u00e1ficos, atos, f\u00e1bulas, personagens, pontos de vista, trama, subtramas.<\/p>\n\n\n\n<p>Um dos objetivos da oficina era fazer com que cada aluno desenvolvesse um roteiro de curta. Mas, por motivos diversos, poucos alcan\u00e7aram a meta.<\/p>\n\n\n\n<figure class=\"wp-block-embed is-type-video is-provider-youtube wp-block-embed-youtube wp-embed-aspect-16-9 wp-has-aspect-ratio\"><div class=\"wp-block-embed__wrapper\">\n<iframe loading=\"lazy\" title=\"Chama na Ideia - Aula Aberta da Oficina Mate Com Angu de Roteiros\" width=\"800\" height=\"450\" src=\"https:\/\/www.youtube.com\/embed\/_SuzN06GGAg?start=16&#038;feature=oembed\" frameborder=\"0\" allow=\"accelerometer; autoplay; clipboard-write; encrypted-media; gyroscope; picture-in-picture; web-share\" referrerpolicy=\"strict-origin-when-cross-origin\" allowfullscreen><\/iframe>\n<\/div><\/figure>\n\n\n\n<figure class=\"wp-block-embed is-type-video is-provider-youtube wp-block-embed-youtube wp-embed-aspect-16-9 wp-has-aspect-ratio\"><div class=\"wp-block-embed__wrapper\">\n<iframe loading=\"lazy\" title=\"Chama Na Ideia - Aula 4\" width=\"800\" height=\"450\" src=\"https:\/\/www.youtube.com\/embed\/Og2sziYkcMk?feature=oembed\" frameborder=\"0\" allow=\"accelerometer; autoplay; clipboard-write; encrypted-media; gyroscope; picture-in-picture; web-share\" referrerpolicy=\"strict-origin-when-cross-origin\" allowfullscreen><\/iframe>\n<\/div><\/figure>\n\n\n\n<figure class=\"wp-block-embed is-type-video is-provider-youtube wp-block-embed-youtube wp-embed-aspect-16-9 wp-has-aspect-ratio\"><div class=\"wp-block-embed__wrapper\">\n<iframe loading=\"lazy\" title=\"Chama Na Ideia - Aula 3\" width=\"800\" height=\"450\" src=\"https:\/\/www.youtube.com\/embed\/uJrjuK6G034?feature=oembed\" frameborder=\"0\" allow=\"accelerometer; autoplay; clipboard-write; encrypted-media; gyroscope; picture-in-picture; web-share\" referrerpolicy=\"strict-origin-when-cross-origin\" allowfullscreen><\/iframe>\n<\/div><\/figure>\n\n\n\n<figure class=\"wp-block-gallery has-nested-images columns-default is-cropped wp-block-gallery-1 is-layout-flex wp-block-gallery-is-layout-flex\">\n<figure class=\"wp-block-image size-large\"><a href=\"https:\/\/matecomangu.org\/site\/wp-content\/uploads\/chama-no-insta2.jpeg\"><img loading=\"lazy\" decoding=\"async\" width=\"485\" height=\"1024\" data-id=\"2893\" src=\"https:\/\/matecomangu.org\/site\/wp-content\/uploads\/chama-no-insta2-485x1024.jpeg\" alt=\"\" class=\"wp-image-2893\" srcset=\"https:\/\/matecomangu.org\/site\/wp-content\/uploads\/chama-no-insta2-485x1024.jpeg 485w, https:\/\/matecomangu.org\/site\/wp-content\/uploads\/chama-no-insta2-142x300.jpeg 142w, https:\/\/matecomangu.org\/site\/wp-content\/uploads\/chama-no-insta2.jpeg 720w\" sizes=\"auto, (max-width: 485px) 100vw, 485px\" \/><\/a><\/figure>\n\n\n\n<figure class=\"wp-block-image size-large\"><a href=\"https:\/\/matecomangu.org\/site\/wp-content\/uploads\/chama-no-insta1.jpeg\"><img loading=\"lazy\" decoding=\"async\" width=\"485\" height=\"1024\" data-id=\"2894\" src=\"https:\/\/matecomangu.org\/site\/wp-content\/uploads\/chama-no-insta1-485x1024.jpeg\" alt=\"\" class=\"wp-image-2894\" srcset=\"https:\/\/matecomangu.org\/site\/wp-content\/uploads\/chama-no-insta1-485x1024.jpeg 485w, https:\/\/matecomangu.org\/site\/wp-content\/uploads\/chama-no-insta1-142x300.jpeg 142w, https:\/\/matecomangu.org\/site\/wp-content\/uploads\/chama-no-insta1.jpeg 720w\" sizes=\"auto, (max-width: 485px) 100vw, 485px\" \/><\/a><\/figure>\n<\/figure>\n","protected":false},"excerpt":{"rendered":"<p>A Oficina Chama na Ideia aconteceu nesse ano de 2021, nos dias 15\/04, 20h (aula inaugural aberta); 17\/04 (15h), 24\/04 (15h) e 01\/05 (15h). O projeto foi apresentado como &#8220;Oficina de Roteiro de Mate Com Angu&#8221; e era previsto para acontecer presencialmente, no Gomeia Galp\u00e3o Criativo. Durante a pr\u00e9-produ\u00e7\u00e3o mudamos\u2026 <a class=\"continue-reading-link\" href=\"https:\/\/matecomangu.org\/site\/oficina-chama-na-ideia\/\">Ler o post inteiro<\/a><\/p>\n","protected":false},"author":1,"featured_media":0,"parent":0,"menu_order":0,"comment_status":"closed","ping_status":"closed","template":"templates\/template-onecolumn.php","meta":{"footnotes":""},"class_list":["post-2889","page","type-page","status-publish","hentry"],"_links":{"self":[{"href":"https:\/\/matecomangu.org\/site\/wp-json\/wp\/v2\/pages\/2889","targetHints":{"allow":["GET"]}}],"collection":[{"href":"https:\/\/matecomangu.org\/site\/wp-json\/wp\/v2\/pages"}],"about":[{"href":"https:\/\/matecomangu.org\/site\/wp-json\/wp\/v2\/types\/page"}],"author":[{"embeddable":true,"href":"https:\/\/matecomangu.org\/site\/wp-json\/wp\/v2\/users\/1"}],"replies":[{"embeddable":true,"href":"https:\/\/matecomangu.org\/site\/wp-json\/wp\/v2\/comments?post=2889"}],"version-history":[{"count":4,"href":"https:\/\/matecomangu.org\/site\/wp-json\/wp\/v2\/pages\/2889\/revisions"}],"predecessor-version":[{"id":3330,"href":"https:\/\/matecomangu.org\/site\/wp-json\/wp\/v2\/pages\/2889\/revisions\/3330"}],"wp:attachment":[{"href":"https:\/\/matecomangu.org\/site\/wp-json\/wp\/v2\/media?parent=2889"}],"curies":[{"name":"wp","href":"https:\/\/api.w.org\/{rel}","templated":true}]}}