{"id":3043,"date":"2023-07-06T20:25:10","date_gmt":"2023-07-06T20:25:10","guid":{"rendered":"https:\/\/matecomangu.org\/site\/?page_id=3043"},"modified":"2025-08-14T21:33:07","modified_gmt":"2025-08-14T21:33:07","slug":"eventos-festivais-e-mostras","status":"publish","type":"page","link":"https:\/\/matecomangu.org\/site\/eventos-festivais-e-mostras\/","title":{"rendered":"EVENTOS &#8211; FESTIVAIS E MOSTRAS"},"content":{"rendered":"\n<div class=\"wp-block-media-text is-stacked-on-mobile is-vertically-aligned-top\"><figure class=\"wp-block-media-text__media\"><a href=\"https:\/\/matecomangu.org\/festival4\"><img loading=\"lazy\" decoding=\"async\" width=\"1024\" height=\"1024\" src=\"https:\/\/matecomangu.org\/site\/wp-content\/uploads\/festival-MateComAngu4-2022.jpg\" alt=\"\" class=\"wp-image-3044 size-full\" srcset=\"https:\/\/matecomangu.org\/site\/wp-content\/uploads\/festival-MateComAngu4-2022.jpg 1024w, https:\/\/matecomangu.org\/site\/wp-content\/uploads\/festival-MateComAngu4-2022-300x300.jpg 300w, https:\/\/matecomangu.org\/site\/wp-content\/uploads\/festival-MateComAngu4-2022-150x150.jpg 150w, https:\/\/matecomangu.org\/site\/wp-content\/uploads\/festival-MateComAngu4-2022-768x768.jpg 768w, https:\/\/matecomangu.org\/site\/wp-content\/uploads\/festival-MateComAngu4-2022-600x600.jpg 600w\" sizes=\"auto, (max-width: 1024px) 100vw, 1024px\" \/><\/a><\/figure><div class=\"wp-block-media-text__content\">\n<p class=\"has-medium-font-size\"><strong>Festival Mate Com Angu de Cinema 4\u00aa Edi\u00e7\u00e3o &#8211; de 09 a 15 de novembro de 2022<\/strong><\/p>\n\n\n\n<p><strong>Locais:<\/strong> Gomeia Galp\u00e3o Criativo, Museu Ci\u00eancia e Vida, FEBF\/Uerj, Bloco Carnavalesco Imp\u00e9rio do Gramacho e Cinemateca do MAM<\/p>\n\n\n\n<p><strong>Atra\u00e7\u00f5es: <\/strong>Orkestra Popular Barrac\u00e3o, Gente Estranha no Jardim, DJ Rodrigo Cavalcanti, Ana Kariri<\/p>\n\n\n\n<p><strong>Homenagens:<\/strong> Victor God\u00f4 Quincas Ferreira, Arthur Waite, Walter Zacarias<\/p>\n\n\n\n<p><strong>Site:<\/strong> <a href=\"https:\/\/matecomangu.org\/festival4\">www.matecomangu.org\/festival4<\/a><\/p>\n<\/div><\/div>\n\n\n\n<div class=\"wp-block-media-text is-stacked-on-mobile is-vertically-aligned-top\"><figure class=\"wp-block-media-text__media\"><a href=\"https:\/\/matecomangu.org\/festival2017\"><img loading=\"lazy\" decoding=\"async\" width=\"960\" height=\"576\" src=\"https:\/\/matecomangu.org\/site\/wp-content\/uploads\/festival-MateComAngu-2017.jpeg\" alt=\"\" class=\"wp-image-3045 size-full\" srcset=\"https:\/\/matecomangu.org\/site\/wp-content\/uploads\/festival-MateComAngu-2017.jpeg 960w, https:\/\/matecomangu.org\/site\/wp-content\/uploads\/festival-MateComAngu-2017-300x180.jpeg 300w, https:\/\/matecomangu.org\/site\/wp-content\/uploads\/festival-MateComAngu-2017-768x461.jpeg 768w\" sizes=\"auto, (max-width: 960px) 100vw, 960px\" \/><\/a><\/figure><div class=\"wp-block-media-text__content\">\n<p class=\"has-medium-font-size\"><strong>Festival Mate Com Angu de Cinema \u2013 de 25 a 31 de maio de 2017<\/strong><\/p>\n\n\n\n<p><strong>Locais<\/strong>: Gomeia Galp\u00e3o Criativo, Ponto de Cultura Lira de Ouro, Instituto Hist\u00f3rico de Duque de Caxias, Campinho do Lote XV<\/p>\n\n\n\n<p><strong>Atra\u00e7\u00f5es<\/strong>: Nego Trio, Slow DaBF, DJ Feminoise, DJ Rodrigo Cavalcanti<\/p>\n\n\n\n<p><strong>Homenagens<\/strong>: Escola Livre de Cinema de Nova Igua\u00e7u, Erley Jos\u00e9, Jean-Claude Bernardet<\/p>\n\n\n\n<p>Site: <a href=\"http:\/\/www.matecomangu.org\/festival2017\">www.matecomangu.org\/festival2017<\/a><\/p>\n\n\n\n<p><\/p>\n<\/div><\/div>\n\n\n\n<div class=\"wp-block-media-text is-stacked-on-mobile is-vertically-aligned-top\"><figure class=\"wp-block-media-text__media\"><img loading=\"lazy\" decoding=\"async\" width=\"640\" height=\"905\" src=\"https:\/\/matecomangu.org\/site\/wp-content\/uploads\/festival-MateComAngu-2016.jpg\" alt=\"\" class=\"wp-image-3048 size-full\" srcset=\"https:\/\/matecomangu.org\/site\/wp-content\/uploads\/festival-MateComAngu-2016.jpg 640w, https:\/\/matecomangu.org\/site\/wp-content\/uploads\/festival-MateComAngu-2016-212x300.jpg 212w\" sizes=\"auto, (max-width: 640px) 100vw, 640px\" \/><\/figure><div class=\"wp-block-media-text__content\">\n<p class=\"has-medium-font-size\"><strong>Festival Mate Com Angu 2016 \u2013 de 01 a 07 de dezembro<\/strong><\/p>\n\n\n\n<p><strong>Locais<\/strong>: Gomeia Galp\u00e3o Criativo, Ponto de Cultura Lira de Ouro, Instituto Hist\u00f3rico de Duque de Caxias, Museu Vivo do S\u00e3o Bento<\/p>\n\n\n\n<p><strong>Atra\u00e7\u00f5es<\/strong>: Hands of Guitars, DJ Tio Pensamento, DJ DJ Nathalie Feminoise, Igor Anti-Projeto, DJ Brasa, Elis Pinto, Raoni Redni e Marco Bomfim<\/p>\n\n\n\n<p><\/p>\n\n\n\n<p><\/p>\n\n\n\n<p><\/p>\n<\/div><\/div>\n\n\n\n<div class=\"wp-block-media-text is-stacked-on-mobile is-vertically-aligned-top\"><figure class=\"wp-block-media-text__media\"><a href=\"https:\/\/matecomangu.org\/curtacaxias\"><img loading=\"lazy\" decoding=\"async\" width=\"590\" height=\"221\" src=\"https:\/\/matecomangu.org\/site\/wp-content\/uploads\/curtacaxias2014.jpg\" alt=\"\" class=\"wp-image-3050 size-full\" srcset=\"https:\/\/matecomangu.org\/site\/wp-content\/uploads\/curtacaxias2014.jpg 590w, https:\/\/matecomangu.org\/site\/wp-content\/uploads\/curtacaxias2014-300x112.jpg 300w\" sizes=\"auto, (max-width: 590px) 100vw, 590px\" \/><\/a><\/figure><div class=\"wp-block-media-text__content\">\n<p class=\"has-medium-font-size\"><strong>Festival Curta Caxias \u2013 26 a 30 de julho de 2014<\/strong><\/p>\n\n\n\n<p>Locais: Ponto de Cultura Lira de Ouro, Teatro Raul Cortez<\/p>\n\n\n\n<p>Atra\u00e7\u00f5es: <\/p>\n\n\n\n<p>Homenagem: Nelson Pereira dos Santos<\/p>\n<\/div><\/div>\n\n\n\n<div class=\"wp-block-media-text is-stacked-on-mobile is-vertically-aligned-top\"><figure class=\"wp-block-media-text__media\"><a href=\"https:\/\/matecomangu.org\/mostraanguafrancesa\"><img loading=\"lazy\" decoding=\"async\" width=\"990\" height=\"180\" src=\"https:\/\/matecomangu.org\/site\/wp-content\/uploads\/mostra-anguafrancesa2010.jpg\" alt=\"\" class=\"wp-image-3051 size-full\" srcset=\"https:\/\/matecomangu.org\/site\/wp-content\/uploads\/mostra-anguafrancesa2010.jpg 990w, https:\/\/matecomangu.org\/site\/wp-content\/uploads\/mostra-anguafrancesa2010-300x55.jpg 300w, https:\/\/matecomangu.org\/site\/wp-content\/uploads\/mostra-anguafrancesa2010-768x140.jpg 768w\" sizes=\"auto, (max-width: 990px) 100vw, 990px\" \/><\/a><\/figure><div class=\"wp-block-media-text__content\">\n<p class=\"has-medium-font-size\"><strong>Mostra Angu a Francesa de Filmes Nutritivos, de 19 a 24 de novembro de 2010<\/strong><\/p>\n\n\n\n<p>Local: Sesc Caxias<\/p>\n\n\n\n<p>Atra\u00e7\u00f5es: <\/p>\n\n\n\n<p>Site: <a href=\"http:\/\/www.matecomangu.org\/mostraanguafrancesa\">www.matecomangu.org\/mostraanguafrancesa<\/a><\/p>\n<\/div><\/div>\n\n\n\n<p><\/p>\n","protected":false},"excerpt":{"rendered":"<p>Festival Mate Com Angu de Cinema 4\u00aa Edi\u00e7\u00e3o &#8211; de 09 a 15 de novembro de 2022 Locais: Gomeia Galp\u00e3o Criativo, Museu Ci\u00eancia e Vida, FEBF\/Uerj, Bloco Carnavalesco Imp\u00e9rio do Gramacho e Cinemateca do MAM Atra\u00e7\u00f5es: Orkestra Popular Barrac\u00e3o, Gente Estranha no Jardim, DJ Rodrigo Cavalcanti, Ana Kariri Homenagens: Victor\u2026 <a class=\"continue-reading-link\" href=\"https:\/\/matecomangu.org\/site\/eventos-festivais-e-mostras\/\">Ler o post inteiro<\/a><\/p>\n","protected":false},"author":1,"featured_media":0,"parent":0,"menu_order":0,"comment_status":"closed","ping_status":"closed","template":"templates\/template-onecolumn.php","meta":{"footnotes":""},"class_list":["post-3043","page","type-page","status-publish","hentry"],"_links":{"self":[{"href":"https:\/\/matecomangu.org\/site\/wp-json\/wp\/v2\/pages\/3043","targetHints":{"allow":["GET"]}}],"collection":[{"href":"https:\/\/matecomangu.org\/site\/wp-json\/wp\/v2\/pages"}],"about":[{"href":"https:\/\/matecomangu.org\/site\/wp-json\/wp\/v2\/types\/page"}],"author":[{"embeddable":true,"href":"https:\/\/matecomangu.org\/site\/wp-json\/wp\/v2\/users\/1"}],"replies":[{"embeddable":true,"href":"https:\/\/matecomangu.org\/site\/wp-json\/wp\/v2\/comments?post=3043"}],"version-history":[{"count":27,"href":"https:\/\/matecomangu.org\/site\/wp-json\/wp\/v2\/pages\/3043\/revisions"}],"predecessor-version":[{"id":3514,"href":"https:\/\/matecomangu.org\/site\/wp-json\/wp\/v2\/pages\/3043\/revisions\/3514"}],"wp:attachment":[{"href":"https:\/\/matecomangu.org\/site\/wp-json\/wp\/v2\/media?parent=3043"}],"curies":[{"name":"wp","href":"https:\/\/api.w.org\/{rel}","templated":true}]}}