{"id":814,"date":"2012-12-07T16:43:25","date_gmt":"2012-12-07T16:43:25","guid":{"rendered":"http:\/\/matecomangu.org\/site\/?page_id=814"},"modified":"2024-11-08T15:56:39","modified_gmt":"2024-11-08T15:56:39","slug":"contato","status":"publish","type":"page","link":"https:\/\/matecomangu.org\/site\/contato\/","title":{"rendered":"CONTATO"},"content":{"rendered":"<p>Pra falar com o Mate uma boa tamb\u00e9m \u00e9 preencher esse formul\u00e1rio \ud83d\ude42<\/p>\n<p><strong><a href=\"https:\/\/facebook.com\/matecomangu\" target=\"_blank\" rel=\"noopener noreferrer\">facebook<\/a> &#8211; <a href=\"https:\/\/instagram.com\/matecomangu\" target=\"_blank\" rel=\"noopener noreferrer\">instagram<\/a><\/strong> &#8211; <a href=\"https:\/\/youtube.com\/matecomangu\"><strong>canal do youtube<\/strong><\/a><\/p>\n<p>[contact-form-7 id=&#8221;869&#8243; title=&#8221;Contato via site!&#8221;]<\/p>\n","protected":false},"excerpt":{"rendered":"<p>Pra falar com o Mate uma boa tamb\u00e9m \u00e9 preencher esse formul\u00e1rio \ud83d\ude42 facebook &#8211; instagram &#8211; canal do youtube [contact-form-7 id=&#8221;869&#8243; title=&#8221;Contato via site!&#8221;] <a class=\"continue-reading-link\" href=\"https:\/\/matecomangu.org\/site\/contato\/\">Ler o post inteiro<\/a><\/p>\n","protected":false},"author":1,"featured_media":0,"parent":0,"menu_order":7,"comment_status":"closed","ping_status":"closed","template":"","meta":{"footnotes":""},"class_list":["post-814","page","type-page","status-publish","hentry"],"_links":{"self":[{"href":"https:\/\/matecomangu.org\/site\/wp-json\/wp\/v2\/pages\/814","targetHints":{"allow":["GET"]}}],"collection":[{"href":"https:\/\/matecomangu.org\/site\/wp-json\/wp\/v2\/pages"}],"about":[{"href":"https:\/\/matecomangu.org\/site\/wp-json\/wp\/v2\/types\/page"}],"author":[{"embeddable":true,"href":"https:\/\/matecomangu.org\/site\/wp-json\/wp\/v2\/users\/1"}],"replies":[{"embeddable":true,"href":"https:\/\/matecomangu.org\/site\/wp-json\/wp\/v2\/comments?post=814"}],"version-history":[{"count":10,"href":"https:\/\/matecomangu.org\/site\/wp-json\/wp\/v2\/pages\/814\/revisions"}],"predecessor-version":[{"id":3326,"href":"https:\/\/matecomangu.org\/site\/wp-json\/wp\/v2\/pages\/814\/revisions\/3326"}],"wp:attachment":[{"href":"https:\/\/matecomangu.org\/site\/wp-json\/wp\/v2\/media?parent=814"}],"curies":[{"name":"wp","href":"https:\/\/api.w.org\/{rel}","templated":true}]}}