{"id":821,"date":"2012-11-07T16:52:21","date_gmt":"2012-11-07T16:52:21","guid":{"rendered":"http:\/\/matecomangu.org\/site\/?page_id=821"},"modified":"2024-11-08T02:56:09","modified_gmt":"2024-11-08T02:56:09","slug":"sobre-o-nome","status":"publish","type":"page","link":"https:\/\/matecomangu.org\/site\/contato\/sobre\/sobre-o-nome\/","title":{"rendered":"SOBRE O NOME"},"content":{"rendered":"<p><strong>Trechos do livro<\/strong><em><strong> O Cerol Fininho da Baixada &#8211; Aventuras do Cineclube Mate Com Angu.<\/strong><\/em><\/p>\n<p>&#8220;Mate com Angu \u00e9 o apelido de uma escola que funciona no centro de Caxias e que hoje faz parte da rede municipal em parceria com a Igreja Metodista, atendendo pelo nome de Escola Municipal Dr. \u00c1lvaro Alberto. Para entender a for\u00e7a do nome e do s\u00edmbolo \u00e9 preciso remeter \u00e0 figura de Armanda \u00c1lvaro Alberto, uma das mulheres mais incr\u00edveis que viveram no pa\u00eds no s\u00e9culo passado.&#8221;<\/p>\n<p>&#8220;<span style=\"font-size: small; font-family: Calibri, sans-serif;\">Se fosse falar de tudo o que dona Armanda fez, isso aqui j\u00e1 ficaria imenso, mas basta dizer que al\u00e9m de vision\u00e1ria com sentido incrivelmente pr\u00e1tico, ela escrevia de forma apaixonada em defesa da Educa\u00e7\u00e3o, da emancipa\u00e7\u00e3o das mulheres, em defesa da igualdade racial, contra o autoritarismo dos governantes e a favor da educa\u00e7\u00e3o como ferramenta de forma\u00e7\u00e3o human\u00edstica da sociedade. Presa diversas vezes como agitadora, dona Armanda tinha a Escola Regional de Meriti (que inicialmente se chamava, imaginem, em 1921, Escola Prolet\u00e1ria de Meriti) como seu laborat\u00f3rio, paix\u00e3o e cora\u00e7\u00e3o.<\/span><\/p>\n<p>A Regional foi a primeira escola do pa\u00eds a ter hor\u00e1rio integral, a ter uma orienta\u00e7\u00e3o progressista, montessoriana, a ter uma biblioteca, um museu natural e um receptor de r\u00e1dio (doado por Edgar Roquette Pinto); tamb\u00e9m foi a primeira escola a pensar e implantar um C\u00edrculo de M\u00e3es, trazendo a comunidade para o dia a dia da escola; um programa de sa\u00fade integrado para os alunos e suas fam\u00edlias, entre outros avan\u00e7os. Isso tudo come\u00e7ando na d\u00e9cada de 1920, quando Caxias ainda era Meriti, o oitavo distrito de Nova Igua\u00e7u, na \u00e9poca um grande brejo, massacrado por doen\u00e7as tristes como mal\u00e1ria e descaso governamental. E al\u00e9m de todo esse pioneirismo, a Regional tamb\u00e9m foi a primeira escola da Am\u00e9rica Latina a servir merenda escolar, e da\u00ed o apelido \u201cmate com angu\u201d&#8230; Como nas doa\u00e7\u00f5es dos comerciantes locais sempre tinha fub\u00e1 e erva mate, muitas vezes havia essa combina\u00e7\u00e3o na refei\u00e7\u00e3o das crian\u00e7as nos primeiros anos de funcionamento da escola. Mas o apelido tinha originalmente um sentido pejorativo, que acabou com o tempo sendo absorvido e ressignificado, assumido como um grande orgulho por quem l\u00e1 estudou, como revela a artista Raquel Trindade, filha do poeta Solano Trindade, aluna da escola, em seu relato no livro de dona Armanda. Mate com angu \u2013 um nome cheio de ax\u00e9, como se v\u00ea.<\/p>\n<p>Uma curiosidade maneira \u00e9 que a Regional \u00e9 de 1921, mesmo ano de <a href=\"http:\/\/pt.wikipedia.org\/wiki\/Summerhill_School\" target=\"_blank\" rel=\"noopener\">Summerhill<\/a>, escola fundada pelo educador <a href=\"http:\/\/pt.wikipedia.org\/wiki\/Alexander_Sutherland_Neill\" target=\"_blank\" rel=\"noopener\">A.S. Neill<\/a>, na Inglaterra, uma experi\u00eancia igualmente revolucion\u00e1ria e igualmente silenciada no s\u00e9culo XX&#8230; Escola Regional de Meriti, a \u201cmate com angu\u201d, e Summerhill, duas paix\u00f5es que em minha opini\u00e3o apontam caminhos humanistas pr\u00e1ticos, na dire\u00e7\u00e3o do bem-estar social e da liberdade como princ\u00edpio \u00e9tico para uma sociedade mais justa e saud\u00e1vel.&#8221;<\/p>\n<p>&#8220;<em>Quando estive na Europa, me mostraram m\u00e9todos de ensino adiantad\u00edssimos. Os senhores n\u00e3o imaginam o que senti quando verifiquei que os m\u00e9todos da escola que o povo chamava de mate com angu estavam al\u00e9m dos m\u00e9todos europeus. \u2018Mate com angu\u2019 era como nos chamavam na rua, mas eles sabiam que n\u00f3s n\u00e3o lig\u00e1vamos para o apelido, n\u00e3o lig\u00e1vamos porque \u00e9ramos felizes.<\/em>&#8221;<\/p>\n<p>[Discurso da ent\u00e3o aluna Raquel Trindade representando os ex-alunos da escola por ocasi\u00e3o da festa de despedida de dona Armanda, em 1963]<\/p>\n<div id=\"attachment_933\" style=\"width: 490px\" class=\"wp-caption alignnone\"><img loading=\"lazy\" decoding=\"async\" aria-describedby=\"caption-attachment-933\" class=\"size-full wp-image-933\" title=\"Armanda Alvaro Alberto\" src=\"http:\/\/matecomangu.org\/site\/wp-content\/uploads\/armanda-alvaro-alberto.jpg\" alt=\"Armanda Alvaro Alberto\" width=\"480\" height=\"640\" srcset=\"https:\/\/matecomangu.org\/site\/wp-content\/uploads\/armanda-alvaro-alberto.jpg 480w, https:\/\/matecomangu.org\/site\/wp-content\/uploads\/armanda-alvaro-alberto-225x300.jpg 225w\" sizes=\"auto, (max-width: 480px) 100vw, 480px\" \/><p id=\"caption-attachment-933\" class=\"wp-caption-text\">Armanda Alvaro Alberto. Foto de 1958, arquivo Proedes\/UFRJ<\/p><\/div>\n<div id=\"attachment_934\" style=\"width: 310px\" class=\"wp-caption alignnone\"><img loading=\"lazy\" decoding=\"async\" aria-describedby=\"caption-attachment-934\" class=\"size-full wp-image-934\" title=\"Capa do livro A Escola Regional de Meriti-Document\u00e1rio\" src=\"http:\/\/matecomangu.org\/site\/wp-content\/uploads\/capa-do-livro-A_Escola_Regional_de_Meriti_Documentario.jpg\" alt=\"Capa do livro A Escola Regional de Meriti-Document\u00e1rio\" width=\"300\" height=\"418\" srcset=\"https:\/\/matecomangu.org\/site\/wp-content\/uploads\/capa-do-livro-A_Escola_Regional_de_Meriti_Documentario.jpg 300w, https:\/\/matecomangu.org\/site\/wp-content\/uploads\/capa-do-livro-A_Escola_Regional_de_Meriti_Documentario-215x300.jpg 215w\" sizes=\"auto, (max-width: 300px) 100vw, 300px\" \/><p id=\"caption-attachment-934\" class=\"wp-caption-text\">Capa do livro A Escola Regional de Meriti-Document\u00e1rio. Documento hist\u00f3rico, livro fundamental que merece uma reedi\u00e7\u00e3o pela import\u00e2ncia<\/p><\/div>\n<p>&nbsp;<\/p>\n","protected":false},"excerpt":{"rendered":"<p>Trechos do livro O Cerol Fininho da Baixada &#8211; Aventuras do Cineclube Mate Com Angu. &#8220;Mate com Angu \u00e9 o apelido de uma escola que funciona no centro de Caxias e que hoje faz parte da rede municipal em parceria com a Igreja Metodista, atendendo pelo nome de Escola Municipal\u2026 <a class=\"continue-reading-link\" href=\"https:\/\/matecomangu.org\/site\/contato\/sobre\/sobre-o-nome\/\">Ler o post inteiro<\/a><\/p>\n","protected":false},"author":1,"featured_media":0,"parent":161,"menu_order":0,"comment_status":"closed","ping_status":"closed","template":"templates\/template-onecolumn.php","meta":{"footnotes":""},"class_list":["post-821","page","type-page","status-publish","hentry"],"_links":{"self":[{"href":"https:\/\/matecomangu.org\/site\/wp-json\/wp\/v2\/pages\/821","targetHints":{"allow":["GET"]}}],"collection":[{"href":"https:\/\/matecomangu.org\/site\/wp-json\/wp\/v2\/pages"}],"about":[{"href":"https:\/\/matecomangu.org\/site\/wp-json\/wp\/v2\/types\/page"}],"author":[{"embeddable":true,"href":"https:\/\/matecomangu.org\/site\/wp-json\/wp\/v2\/users\/1"}],"replies":[{"embeddable":true,"href":"https:\/\/matecomangu.org\/site\/wp-json\/wp\/v2\/comments?post=821"}],"version-history":[{"count":9,"href":"https:\/\/matecomangu.org\/site\/wp-json\/wp\/v2\/pages\/821\/revisions"}],"predecessor-version":[{"id":3315,"href":"https:\/\/matecomangu.org\/site\/wp-json\/wp\/v2\/pages\/821\/revisions\/3315"}],"up":[{"embeddable":true,"href":"https:\/\/matecomangu.org\/site\/wp-json\/wp\/v2\/pages\/161"}],"wp:attachment":[{"href":"https:\/\/matecomangu.org\/site\/wp-json\/wp\/v2\/media?parent=821"}],"curies":[{"name":"wp","href":"https:\/\/api.w.org\/{rel}","templated":true}]}}